{"id":9247,"date":"2021-01-22T16:27:10","date_gmt":"2021-01-22T15:27:10","guid":{"rendered":"https:\/\/colomboarte.com\/?page_id=9247"},"modified":"2021-06-21T16:51:11","modified_gmt":"2021-06-21T14:51:11","slug":"sergio-mora","status":"publish","type":"page","link":"https:\/\/colomboarte.com\/en\/sergio-mora\/","title":{"rendered":"Sergio Mora"},"content":{"rendered":"<div class=\"wpb-content-wrapper\">[vc_row][vc_column][vc_text_separator title=&#8221;SERGIO MORA&#8221; color=&#8221;juicy_pink&#8221;][\/vc_column][\/vc_row][vc_row][vc_column]<div class=\"vcex-spacing wpex-w-100 wpex-clear\"><\/div>[vc_column_text 0=&#8221;&#8221;]\n<p><strong>Sergio Mora<\/strong> (Barcelona, 1975), is a painter, illustrator and strip cartoonist.<\/p>\n<p>He is winner of the Latin Grammy for the Best Design 2016 for <em>El poeta Halley<\/em> by Love of Lesbian. Recently he designed the murals in the<em> Bazaar Mar restaurant<\/em>, Head Chef ofwhich is Jos\u00e9 Andr\u00e9s, presented by Philippe Starck in Miami. In 2017 he again collaborated with Starck and Jos\u00e9 Andr\u00e9s to introduce a second restaurant in Park Avenue, and also in Mercado Little Spain in New York.<\/p>\n<p>Sergio Mora is the author of various books, including the stand outs <em>Typical Spanglish<\/em> (2013),<em> El ni\u00f1o Rock<\/em> (2014) and <em>Amazing Art de Magicomora<\/em> (2016).<\/p>\n<p>Amongst his solo show we remember: 2021, <em>Cosmic Dancers<\/em>, Antonio Colombo Arte Contemporanea, Milan, Italy. 2017, <em>Poeta Halley Art Show<\/em>, Galer\u00eca Senda (Lab36), Barcelona, Spain. 2015, <em>Sonic Boom<\/em>, Plastic Murs, Valencia, Spain. 2014, <em>The Amazing Show<\/em>, Galerie Ats Factory,Paris, France. 2010, <em>The boxer and the Magic Box<\/em>, V\u00e9rtigo Galeria, Mexico. 2009, <em>La Serpiente Latina<\/em>, Alcove Arts Gallery, Atlanta, GE.<\/p>\n<p>He also was featured in several group shows, including: 2020, <em>Still Human<\/em>, Espacio Solo, Madrid, Spain; 2019, <em>Arcana<\/em>, Chiquita Room, Barcelona, Spain; 2015, <em>Don\u2019t Wake Daddy X<\/em>, Feiskunst Kruger, Hamburg, Germany; 2012, <em>Green Blood<\/em>, Dorothy Circus Gallery, Rome, Italy. 2012, <em>Krudakammer<\/em>, Galeria Ferran Cano, Palma de Mallorca, Spain.<\/p>\n<p>He is currently based in Barcelona.<\/p>\n<p>&nbsp;<\/p>\n[\/vc_column_text][vc_column_text][\/vc_column_text]<div class=\"vcex-spacing wpex-w-100 wpex-clear\"><\/div>[\/vc_column][\/vc_row][vc_row][vc_column]<div class=\"vcex-image-grid-wrap\"><div class=\"vcex-module vcex-image-grid grid-style-masonry wpex-row wpex-clr vcex-isotope-grid no-transition wpex-overflow-hidden wpex-lightbox-group\" data-transition-duration=\"0.0\"><div class=\"id-9229 vcex-image-grid-entry vcex-grid-item vcex-isotope-entry wpex-text-center span_1_of_4 col col-1\"><figure class=\"vcex-image-grid-entry-figure wpex-last-mb-0 wpex-clr\"><div class=\"vcex-image-grid-entry-img entry-media wpex-relative wpex-mb-20\"><a href=\"https:\/\/colomboarte.com\/wp-content\/uploads\/2021\/01\/Sergio-Mora-Supersonic-Cosmic-Dancers-2020-oil-on-canvas-150x200-cm.jpg\" class=\"vcex-image-grid-entry-link wpex-lightbox-group-item\" data-title=\"Sergio Mora, We are cosmos, 2020, smalto su azulejos, 30x30 cm\" data-caption=\"Sergio Mora, We are cosmos, 2020, smalto su azulejos, 30x30 cm\"><img width=\"1200\" height=\"902\" src=\"https:\/\/colomboarte.com\/wp-content\/uploads\/2021\/01\/Sergio-Mora-Supersonic-Cosmic-Dancers-2020-oil-on-canvas-150x200-cm.jpg\" class=\"wpex-align-middle skip-lazy\" alt=\"Sergio Mora, We are cosmos, 2020, smalto su azulejos, 30x30 cm\" data-no-lazy=\"1\" srcset=\"https:\/\/colomboarte.com\/wp-content\/uploads\/2021\/01\/Sergio-Mora-Supersonic-Cosmic-Dancers-2020-oil-on-canvas-150x200-cm.jpg 1200w, https:\/\/colomboarte.com\/wp-content\/uploads\/2021\/01\/Sergio-Mora-Supersonic-Cosmic-Dancers-2020-oil-on-canvas-150x200-cm-800x601.jpg 800w\" sizes=\"(max-width: 1200px) 100vw, 1200px\" \/><\/a><\/div><\/figure><\/div><div class=\"id-9227 vcex-image-grid-entry vcex-grid-item vcex-isotope-entry wpex-text-center span_1_of_4 col col-2\"><figure class=\"vcex-image-grid-entry-figure wpex-last-mb-0 wpex-clr\"><div class=\"vcex-image-grid-entry-img entry-media wpex-relative wpex-mb-20\"><a href=\"https:\/\/colomboarte.com\/wp-content\/uploads\/2021\/01\/Sergio-Mora-Spooky-logical-crew-2019-azulejos-on-wood-46x615-cm.jpg\" class=\"vcex-image-grid-entry-link wpex-lightbox-group-item\" data-title=\"Sergio Mora, Spooky logical crew, 2019, azulejos on wood, 46x61,5 cm\" data-caption=\"Sergio Mora, Spooky logical crew, 2019, azulejos on wood, 46x61,5 cm\"><img width=\"1200\" height=\"1601\" src=\"https:\/\/colomboarte.com\/wp-content\/uploads\/2021\/01\/Sergio-Mora-Spooky-logical-crew-2019-azulejos-on-wood-46x615-cm.jpg\" class=\"wpex-align-middle skip-lazy\" alt=\"Sergio Mora, Spooky logical crew, 2019, azulejos on wood, 46x61,5 cm\" data-no-lazy=\"1\" srcset=\"https:\/\/colomboarte.com\/wp-content\/uploads\/2021\/01\/Sergio-Mora-Spooky-logical-crew-2019-azulejos-on-wood-46x615-cm.jpg 1200w, https:\/\/colomboarte.com\/wp-content\/uploads\/2021\/01\/Sergio-Mora-Spooky-logical-crew-2019-azulejos-on-wood-46x615-cm-600x800.jpg 600w, https:\/\/colomboarte.com\/wp-content\/uploads\/2021\/01\/Sergio-Mora-Spooky-logical-crew-2019-azulejos-on-wood-46x615-cm-899x1200.jpg 899w, https:\/\/colomboarte.com\/wp-content\/uploads\/2021\/01\/Sergio-Mora-Spooky-logical-crew-2019-azulejos-on-wood-46x615-cm-1151x1536.jpg 1151w\" sizes=\"(max-width: 1200px) 100vw, 1200px\" \/><\/a><\/div><\/figure><\/div><div class=\"id-9237 vcex-image-grid-entry vcex-grid-item vcex-isotope-entry wpex-text-center span_1_of_4 col col-3\"><figure class=\"vcex-image-grid-entry-figure wpex-last-mb-0 wpex-clr\"><div class=\"vcex-image-grid-entry-img entry-media wpex-relative wpex-mb-20\"><a href=\"https:\/\/colomboarte.com\/wp-content\/uploads\/2021\/01\/Sergio-Mora-We-don\u00b4tt-wanna-heroes-2019-pencil-on-paper-80x55-cm-.jpg\" class=\"vcex-image-grid-entry-link wpex-lightbox-group-item\" data-title=\"Sergio Mora, We don\u00b4t wanna heroes, 2019, pencil on paper, 80x55 cm\" data-caption=\"Sergio Mora, We don\u00b4t wanna heroes, 2019, pencil on paper, 80x55 cm \"><img width=\"1200\" height=\"1670\" src=\"https:\/\/colomboarte.com\/wp-content\/uploads\/2021\/01\/Sergio-Mora-We-don\u00b4tt-wanna-heroes-2019-pencil-on-paper-80x55-cm-.jpg\" class=\"wpex-align-middle skip-lazy\" alt=\"Sergio Mora, We don\u00b4t wanna heroes, 2019, pencil on paper, 80x55 cm\" data-no-lazy=\"1\" srcset=\"https:\/\/colomboarte.com\/wp-content\/uploads\/2021\/01\/Sergio-Mora-We-don\u00b4tt-wanna-heroes-2019-pencil-on-paper-80x55-cm-.jpg 1200w, https:\/\/colomboarte.com\/wp-content\/uploads\/2021\/01\/Sergio-Mora-We-don\u00b4tt-wanna-heroes-2019-pencil-on-paper-80x55-cm--575x800.jpg 575w, https:\/\/colomboarte.com\/wp-content\/uploads\/2021\/01\/Sergio-Mora-We-don\u00b4tt-wanna-heroes-2019-pencil-on-paper-80x55-cm--862x1200.jpg 862w, https:\/\/colomboarte.com\/wp-content\/uploads\/2021\/01\/Sergio-Mora-We-don\u00b4tt-wanna-heroes-2019-pencil-on-paper-80x55-cm--1104x1536.jpg 1104w\" sizes=\"(max-width: 1200px) 100vw, 1200px\" \/><\/a><\/div><\/figure><\/div><div class=\"id-9231 vcex-image-grid-entry vcex-grid-item vcex-isotope-entry wpex-text-center span_1_of_4 col col-4\"><figure class=\"vcex-image-grid-entry-figure wpex-last-mb-0 wpex-clr\"><div class=\"vcex-image-grid-entry-img entry-media wpex-relative wpex-mb-20\"><a href=\"https:\/\/colomboarte.com\/wp-content\/uploads\/2021\/01\/Sergio-Mora-The-miracle-2019-oil-on-canvas-80x80-cm.jpg\" class=\"vcex-image-grid-entry-link wpex-lightbox-group-item\" data-title=\"Sergio Mora, We are cosmos, 2020, smalto su azulejos, 30x30 cm\" data-caption=\"Sergio Mora, We are cosmos, 2020, smalto su azulejos, 30x30 cm\"><img width=\"1200\" height=\"1198\" src=\"https:\/\/colomboarte.com\/wp-content\/uploads\/2021\/01\/Sergio-Mora-The-miracle-2019-oil-on-canvas-80x80-cm.jpg\" class=\"wpex-align-middle skip-lazy\" alt=\"Sergio Mora, We are cosmos, 2020, smalto su azulejos, 30x30 cm\" data-no-lazy=\"1\" srcset=\"https:\/\/colomboarte.com\/wp-content\/uploads\/2021\/01\/Sergio-Mora-The-miracle-2019-oil-on-canvas-80x80-cm.jpg 1200w, https:\/\/colomboarte.com\/wp-content\/uploads\/2021\/01\/Sergio-Mora-The-miracle-2019-oil-on-canvas-80x80-cm-800x800.jpg 800w, https:\/\/colomboarte.com\/wp-content\/uploads\/2021\/01\/Sergio-Mora-The-miracle-2019-oil-on-canvas-80x80-cm-150x150.jpg 150w\" sizes=\"(max-width: 1200px) 100vw, 1200px\" \/><\/a><\/div><\/figure><\/div><div class=\"id-9223 vcex-image-grid-entry vcex-grid-item vcex-isotope-entry wpex-text-center span_1_of_4 col col-1\"><figure class=\"vcex-image-grid-entry-figure wpex-last-mb-0 wpex-clr\"><div class=\"vcex-image-grid-entry-img entry-media wpex-relative wpex-mb-20\"><a href=\"https:\/\/colomboarte.com\/wp-content\/uploads\/2021\/01\/Sergio-Mora-Savage-Astrogirl-2020-oil-on-canvas-90x116-cm.jpg\" class=\"vcex-image-grid-entry-link wpex-lightbox-group-item\" data-title=\"Sergio Mora, Savage Astrogirl, 2020, oil on canvas, 90x116 cm\" data-caption=\"Sergio Mora, Savage Astrogirl, 2020, oil on canvas, 90x116 cm\"><img width=\"1200\" height=\"934\" src=\"https:\/\/colomboarte.com\/wp-content\/uploads\/2021\/01\/Sergio-Mora-Savage-Astrogirl-2020-oil-on-canvas-90x116-cm.jpg\" class=\"wpex-align-middle skip-lazy\" alt=\"Sergio Mora, Savage Astrogirl, 2020, oil on canvas, 90x116 cm\" data-no-lazy=\"1\" srcset=\"https:\/\/colomboarte.com\/wp-content\/uploads\/2021\/01\/Sergio-Mora-Savage-Astrogirl-2020-oil-on-canvas-90x116-cm.jpg 1200w, https:\/\/colomboarte.com\/wp-content\/uploads\/2021\/01\/Sergio-Mora-Savage-Astrogirl-2020-oil-on-canvas-90x116-cm-800x623.jpg 800w\" sizes=\"(max-width: 1200px) 100vw, 1200px\" \/><\/a><\/div><\/figure><\/div><div class=\"id-9225 vcex-image-grid-entry vcex-grid-item vcex-isotope-entry wpex-text-center span_1_of_4 col col-2\"><figure class=\"vcex-image-grid-entry-figure wpex-last-mb-0 wpex-clr\"><div class=\"vcex-image-grid-entry-img entry-media wpex-relative wpex-mb-20\"><a href=\"https:\/\/colomboarte.com\/wp-content\/uploads\/2021\/01\/Sergio-Mora-Space-Dancer-2020-oil-on-canvas-615x46-cm.jpg\" class=\"vcex-image-grid-entry-link wpex-lightbox-group-item\" data-title=\"Sergio Mora, Space Dancer, 2020, oil on canvas, 61,5x46 cm\" data-caption=\"Sergio Mora, Space Dancer, 2020, oil on canvas, 61,5x46 cm\"><img width=\"1200\" height=\"1582\" src=\"https:\/\/colomboarte.com\/wp-content\/uploads\/2021\/01\/Sergio-Mora-Space-Dancer-2020-oil-on-canvas-615x46-cm.jpg\" class=\"wpex-align-middle skip-lazy\" alt=\"Sergio Mora, Space Dancer, 2020, oil on canvas, 61,5x46 cm\" data-no-lazy=\"1\" srcset=\"https:\/\/colomboarte.com\/wp-content\/uploads\/2021\/01\/Sergio-Mora-Space-Dancer-2020-oil-on-canvas-615x46-cm.jpg 1200w, https:\/\/colomboarte.com\/wp-content\/uploads\/2021\/01\/Sergio-Mora-Space-Dancer-2020-oil-on-canvas-615x46-cm-607x800.jpg 607w, https:\/\/colomboarte.com\/wp-content\/uploads\/2021\/01\/Sergio-Mora-Space-Dancer-2020-oil-on-canvas-615x46-cm-910x1200.jpg 910w, https:\/\/colomboarte.com\/wp-content\/uploads\/2021\/01\/Sergio-Mora-Space-Dancer-2020-oil-on-canvas-615x46-cm-1165x1536.jpg 1165w\" sizes=\"(max-width: 1200px) 100vw, 1200px\" \/><\/a><\/div><\/figure><\/div><div class=\"id-9233 vcex-image-grid-entry vcex-grid-item vcex-isotope-entry wpex-text-center span_1_of_4 col col-3\"><figure class=\"vcex-image-grid-entry-figure wpex-last-mb-0 wpex-clr\"><div class=\"vcex-image-grid-entry-img entry-media wpex-relative wpex-mb-20\"><a href=\"https:\/\/colomboarte.com\/wp-content\/uploads\/2021\/01\/Sergio-Mora-The-Power-of-fiction-2019-oil-on-canvas-89x116-cm-.jpg\" class=\"vcex-image-grid-entry-link wpex-lightbox-group-item\" data-title=\"Sergio Mora, We are cosmos, 2020, smalto su azulejos, 30x30 cm\" data-caption=\"Sergio Mora, We are cosmos, 2020, smalto su azulejos, 30x30 cm\"><img width=\"1200\" height=\"1572\" src=\"https:\/\/colomboarte.com\/wp-content\/uploads\/2021\/01\/Sergio-Mora-The-Power-of-fiction-2019-oil-on-canvas-89x116-cm-.jpg\" class=\"wpex-align-middle skip-lazy\" alt=\"Sergio Mora, We are cosmos, 2020, smalto su azulejos, 30x30 cm\" data-no-lazy=\"1\" srcset=\"https:\/\/colomboarte.com\/wp-content\/uploads\/2021\/01\/Sergio-Mora-The-Power-of-fiction-2019-oil-on-canvas-89x116-cm-.jpg 1200w, https:\/\/colomboarte.com\/wp-content\/uploads\/2021\/01\/Sergio-Mora-The-Power-of-fiction-2019-oil-on-canvas-89x116-cm--611x800.jpg 611w, https:\/\/colomboarte.com\/wp-content\/uploads\/2021\/01\/Sergio-Mora-The-Power-of-fiction-2019-oil-on-canvas-89x116-cm--916x1200.jpg 916w, https:\/\/colomboarte.com\/wp-content\/uploads\/2021\/01\/Sergio-Mora-The-Power-of-fiction-2019-oil-on-canvas-89x116-cm--1173x1536.jpg 1173w\" sizes=\"(max-width: 1200px) 100vw, 1200px\" \/><\/a><\/div><\/figure><\/div><div class=\"id-9209 vcex-image-grid-entry vcex-grid-item vcex-isotope-entry wpex-text-center span_1_of_4 col col-4\"><figure class=\"vcex-image-grid-entry-figure wpex-last-mb-0 wpex-clr\"><div class=\"vcex-image-grid-entry-img entry-media wpex-relative wpex-mb-20\"><a href=\"https:\/\/colomboarte.com\/wp-content\/uploads\/2021\/01\/Sergio-Mora-Cosmic-Girls-2020-smalto-su-azulejos-30x30-cm.jpg\" class=\"vcex-image-grid-entry-link wpex-lightbox-group-item\" data-title=\"Sergio Mora, Cosmic Girls, 2020, smalto su azulejos, 30x30 cm\" data-caption=\"Sergio Mora, Cosmic Girls, 2020, smalto su azulejos, 30x30 cm\"><img width=\"1200\" height=\"1193\" src=\"https:\/\/colomboarte.com\/wp-content\/uploads\/2021\/01\/Sergio-Mora-Cosmic-Girls-2020-smalto-su-azulejos-30x30-cm.jpg\" class=\"wpex-align-middle skip-lazy\" alt=\"Sergio Mora, Cosmic Girls, 2020, smalto su azulejos, 30x30 cm\" data-no-lazy=\"1\" srcset=\"https:\/\/colomboarte.com\/wp-content\/uploads\/2021\/01\/Sergio-Mora-Cosmic-Girls-2020-smalto-su-azulejos-30x30-cm.jpg 1200w, https:\/\/colomboarte.com\/wp-content\/uploads\/2021\/01\/Sergio-Mora-Cosmic-Girls-2020-smalto-su-azulejos-30x30-cm-800x795.jpg 800w, https:\/\/colomboarte.com\/wp-content\/uploads\/2021\/01\/Sergio-Mora-Cosmic-Girls-2020-smalto-su-azulejos-30x30-cm-150x150.jpg 150w\" sizes=\"(max-width: 1200px) 100vw, 1200px\" \/><\/a><\/div><\/figure><\/div><div class=\"id-9211 vcex-image-grid-entry vcex-grid-item vcex-isotope-entry wpex-text-center span_1_of_4 col col-1\"><figure class=\"vcex-image-grid-entry-figure wpex-last-mb-0 wpex-clr\"><div class=\"vcex-image-grid-entry-img entry-media wpex-relative wpex-mb-20\"><a href=\"https:\/\/colomboarte.com\/wp-content\/uploads\/2021\/01\/Sergio-Mora-Dancing-in-the-paradise-2020-smalto-su-azulejos-30x30-cm.jpg\" class=\"vcex-image-grid-entry-link wpex-lightbox-group-item\" data-title=\"Sergio Mora, Dancing in the paradise, 2020, smalto su azulejos, 30x30 cm\" data-caption=\"Sergio Mora, Dancing in the paradise, 2020, smalto su azulejos, 30x30 cm\"><img width=\"1200\" height=\"1205\" src=\"https:\/\/colomboarte.com\/wp-content\/uploads\/2021\/01\/Sergio-Mora-Dancing-in-the-paradise-2020-smalto-su-azulejos-30x30-cm.jpg\" class=\"wpex-align-middle skip-lazy\" alt=\"Sergio Mora, Dancing in the paradise, 2020, smalto su azulejos, 30x30 cm\" data-no-lazy=\"1\" srcset=\"https:\/\/colomboarte.com\/wp-content\/uploads\/2021\/01\/Sergio-Mora-Dancing-in-the-paradise-2020-smalto-su-azulejos-30x30-cm.jpg 1200w, https:\/\/colomboarte.com\/wp-content\/uploads\/2021\/01\/Sergio-Mora-Dancing-in-the-paradise-2020-smalto-su-azulejos-30x30-cm-797x800.jpg 797w, https:\/\/colomboarte.com\/wp-content\/uploads\/2021\/01\/Sergio-Mora-Dancing-in-the-paradise-2020-smalto-su-azulejos-30x30-cm-1195x1200.jpg 1195w, https:\/\/colomboarte.com\/wp-content\/uploads\/2021\/01\/Sergio-Mora-Dancing-in-the-paradise-2020-smalto-su-azulejos-30x30-cm-150x150.jpg 150w\" sizes=\"(max-width: 1200px) 100vw, 1200px\" \/><\/a><\/div><\/figure><\/div><div class=\"id-9203 vcex-image-grid-entry vcex-grid-item vcex-isotope-entry wpex-text-center span_1_of_4 col col-2\"><figure class=\"vcex-image-grid-entry-figure wpex-last-mb-0 wpex-clr\"><div class=\"vcex-image-grid-entry-img entry-media wpex-relative wpex-mb-20\"><a href=\"https:\/\/colomboarte.com\/wp-content\/uploads\/2021\/01\/Sergio-Mora-Astrogirl-in-paradise-2020-oil-on-canvas-116x89-cm.jpg\" class=\"vcex-image-grid-entry-link wpex-lightbox-group-item\" data-title=\"Sergio Mora, Astrogirl in paradise, 2020, oil on canvas, 116x89 cm\" data-caption=\"Sergio Mora, Astrogirl in paradise, 2020, oil on canvas, 116x89 cm\"><img width=\"1200\" height=\"1564\" src=\"https:\/\/colomboarte.com\/wp-content\/uploads\/2021\/01\/Sergio-Mora-Astrogirl-in-paradise-2020-oil-on-canvas-116x89-cm.jpg\" class=\"wpex-align-middle skip-lazy\" alt=\"Sergio Mora, Astrogirl in paradise, 2020, oil on canvas, 116x89 cm\" data-no-lazy=\"1\" srcset=\"https:\/\/colomboarte.com\/wp-content\/uploads\/2021\/01\/Sergio-Mora-Astrogirl-in-paradise-2020-oil-on-canvas-116x89-cm.jpg 1200w, https:\/\/colomboarte.com\/wp-content\/uploads\/2021\/01\/Sergio-Mora-Astrogirl-in-paradise-2020-oil-on-canvas-116x89-cm-614x800.jpg 614w, https:\/\/colomboarte.com\/wp-content\/uploads\/2021\/01\/Sergio-Mora-Astrogirl-in-paradise-2020-oil-on-canvas-116x89-cm-921x1200.jpg 921w, https:\/\/colomboarte.com\/wp-content\/uploads\/2021\/01\/Sergio-Mora-Astrogirl-in-paradise-2020-oil-on-canvas-116x89-cm-1179x1536.jpg 1179w\" sizes=\"(max-width: 1200px) 100vw, 1200px\" \/><\/a><\/div><\/figure><\/div><div class=\"id-9205 vcex-image-grid-entry vcex-grid-item vcex-isotope-entry wpex-text-center span_1_of_4 col col-3\"><figure class=\"vcex-image-grid-entry-figure wpex-last-mb-0 wpex-clr\"><div class=\"vcex-image-grid-entry-img entry-media wpex-relative wpex-mb-20\"><a href=\"https:\/\/colomboarte.com\/wp-content\/uploads\/2021\/01\/Sergio-Mora-Butterfly-dancer-2020-oil-on-canvas-615x46-cm.jpg\" class=\"vcex-image-grid-entry-link wpex-lightbox-group-item\" data-title=\"Sergio Mora, Butterfly dancer, 2020, oil on canvas, 61,5x46 cm\" data-caption=\"Sergio Mora, Butterfly dancer, 2020, oil on canvas, 61,5x46 cm\"><img width=\"1200\" height=\"1599\" src=\"https:\/\/colomboarte.com\/wp-content\/uploads\/2021\/01\/Sergio-Mora-Butterfly-dancer-2020-oil-on-canvas-615x46-cm.jpg\" class=\"wpex-align-middle skip-lazy\" alt=\"Sergio Mora, Butterfly dancer, 2020, oil on canvas, 61,5x46 cm\" data-no-lazy=\"1\" srcset=\"https:\/\/colomboarte.com\/wp-content\/uploads\/2021\/01\/Sergio-Mora-Butterfly-dancer-2020-oil-on-canvas-615x46-cm.jpg 1200w, https:\/\/colomboarte.com\/wp-content\/uploads\/2021\/01\/Sergio-Mora-Butterfly-dancer-2020-oil-on-canvas-615x46-cm-600x800.jpg 600w, https:\/\/colomboarte.com\/wp-content\/uploads\/2021\/01\/Sergio-Mora-Butterfly-dancer-2020-oil-on-canvas-615x46-cm-901x1200.jpg 901w, https:\/\/colomboarte.com\/wp-content\/uploads\/2021\/01\/Sergio-Mora-Butterfly-dancer-2020-oil-on-canvas-615x46-cm-1153x1536.jpg 1153w\" sizes=\"(max-width: 1200px) 100vw, 1200px\" \/><\/a><\/div><\/figure><\/div><div class=\"id-9221 vcex-image-grid-entry vcex-grid-item vcex-isotope-entry wpex-text-center span_1_of_4 col col-4\"><figure class=\"vcex-image-grid-entry-figure wpex-last-mb-0 wpex-clr\"><div class=\"vcex-image-grid-entry-img entry-media wpex-relative wpex-mb-20\"><a href=\"https:\/\/colomboarte.com\/wp-content\/uploads\/2021\/01\/Sergio-Mora-Magic-Muses-2020-oil-on-canvas-200x150-cm.jpg\" class=\"vcex-image-grid-entry-link wpex-lightbox-group-item\" data-title=\"Sergio Mora, Magic Muses, 2020,-oil-on-canvas,-200x150-cm\" data-caption=\"Sergio Mora, Magic Muses, 2020, oil on canvas, 200x150 cm\"><img width=\"1200\" height=\"1613\" src=\"https:\/\/colomboarte.com\/wp-content\/uploads\/2021\/01\/Sergio-Mora-Magic-Muses-2020-oil-on-canvas-200x150-cm.jpg\" class=\"wpex-align-middle skip-lazy\" alt=\"Sergio Mora, Magic Muses, 2020,-oil-on-canvas,-200x150-cm\" data-no-lazy=\"1\" srcset=\"https:\/\/colomboarte.com\/wp-content\/uploads\/2021\/01\/Sergio-Mora-Magic-Muses-2020-oil-on-canvas-200x150-cm.jpg 1200w, https:\/\/colomboarte.com\/wp-content\/uploads\/2021\/01\/Sergio-Mora-Magic-Muses-2020-oil-on-canvas-200x150-cm-595x800.jpg 595w, https:\/\/colomboarte.com\/wp-content\/uploads\/2021\/01\/Sergio-Mora-Magic-Muses-2020-oil-on-canvas-200x150-cm-893x1200.jpg 893w, https:\/\/colomboarte.com\/wp-content\/uploads\/2021\/01\/Sergio-Mora-Magic-Muses-2020-oil-on-canvas-200x150-cm-1143x1536.jpg 1143w\" sizes=\"(max-width: 1200px) 100vw, 1200px\" \/><\/a><\/div><\/figure><\/div><\/div><\/div>[\/vc_column][\/vc_row][vc_row 0=&#8221;&#8221;][vc_column 0=&#8221;&#8221;][\/vc_column][\/vc_row]\n<\/div>","protected":false},"excerpt":{"rendered":"<p>[vc_row][vc_column][vc_text_separator title=&#8221;SERGIO MORA&#8221; color=&#8221;juicy_pink&#8221;][\/vc_column][\/vc_row][vc_row][vc_column][vc_column_text 0=&#8221;&#8221;] Sergio Mora (Barcelona, 1975), is a painter, illustrator and strip cartoonist. He is winner of the Latin Grammy for the Best Design 2016 for El poeta Halley by Love of Lesbian. Recently he designed the murals in the Bazaar Mar restaurant, Head Chef ofwhich is Jos\u00e9 Andr\u00e9s, presented by Philippe&hellip;<\/p>\n","protected":false},"author":2,"featured_media":0,"parent":0,"menu_order":0,"comment_status":"closed","ping_status":"closed","template":"","meta":{"footnotes":""},"class_list":["post-9247","page","type-page","status-publish","hentry","entry","no-media"],"yoast_head":"<!-- This site is optimized with the Yoast SEO plugin v27.3 - https:\/\/yoast.com\/product\/yoast-seo-wordpress\/ -->\n<title>Sergio Mora - COLOMBO&#039;S GALLERY<\/title>\n<meta name=\"description\" content=\"Sergio Mora is a Spanish painter, illustrator and strip cartoonist. He was born in Barcelona where he still lives and works.\" \/>\n<meta name=\"robots\" content=\"index, follow, max-snippet:-1, max-image-preview:large, max-video-preview:-1\" \/>\n<link rel=\"canonical\" href=\"https:\/\/www.colomboarte.com\/en\/sergio-mora\/\" \/>\n<meta property=\"og:locale\" content=\"en_US\" \/>\n<meta property=\"og:type\" content=\"article\" \/>\n<meta property=\"og:title\" content=\"Sergio Mora - COLOMBO&#039;S GALLERY\" \/>\n<meta property=\"og:description\" content=\"Sergio Mora is a Spanish painter, illustrator and strip cartoonist. He was born in Barcelona where he still lives and works.\" \/>\n<meta property=\"og:url\" content=\"https:\/\/www.colomboarte.com\/en\/sergio-mora\/\" \/>\n<meta property=\"og:site_name\" content=\"COLOMBO&#039;S GALLERY\" \/>\n<meta property=\"article:modified_time\" content=\"2021-06-21T14:51:11+00:00\" \/>\n<meta name=\"twitter:label1\" content=\"Est. reading time\" \/>\n\t<meta name=\"twitter:data1\" content=\"1 minute\" \/>\n<script type=\"application\/ld+json\" class=\"yoast-schema-graph\">{\"@context\":\"https:\\\/\\\/schema.org\",\"@graph\":[{\"@type\":\"WebPage\",\"@id\":\"https:\\\/\\\/www.colomboarte.com\\\/en\\\/sergio-mora\\\/\",\"url\":\"https:\\\/\\\/www.colomboarte.com\\\/en\\\/sergio-mora\\\/\",\"name\":\"Sergio Mora - COLOMBO&#039;S GALLERY\",\"isPartOf\":{\"@id\":\"https:\\\/\\\/colomboarte.com\\\/#website\"},\"datePublished\":\"2021-01-22T15:27:10+00:00\",\"dateModified\":\"2021-06-21T14:51:11+00:00\",\"description\":\"Sergio Mora is a Spanish painter, illustrator and strip cartoonist. He was born in Barcelona where he still lives and works.\",\"breadcrumb\":{\"@id\":\"https:\\\/\\\/www.colomboarte.com\\\/en\\\/sergio-mora\\\/#breadcrumb\"},\"inLanguage\":\"en-US\",\"potentialAction\":[{\"@type\":\"ReadAction\",\"target\":[\"https:\\\/\\\/www.colomboarte.com\\\/en\\\/sergio-mora\\\/\"]}]},{\"@type\":\"BreadcrumbList\",\"@id\":\"https:\\\/\\\/www.colomboarte.com\\\/en\\\/sergio-mora\\\/#breadcrumb\",\"itemListElement\":[{\"@type\":\"ListItem\",\"position\":1,\"name\":\"Home\",\"item\":\"https:\\\/\\\/colomboarte.com\\\/en\\\/\"},{\"@type\":\"ListItem\",\"position\":2,\"name\":\"Sergio Mora\"}]},{\"@type\":\"WebSite\",\"@id\":\"https:\\\/\\\/colomboarte.com\\\/#website\",\"url\":\"https:\\\/\\\/colomboarte.com\\\/\",\"name\":\"COLOMBO&#039;S GALLERY\",\"description\":\"Galleria d&#039;Arte Contemporanea\",\"potentialAction\":[{\"@type\":\"SearchAction\",\"target\":{\"@type\":\"EntryPoint\",\"urlTemplate\":\"https:\\\/\\\/colomboarte.com\\\/?s={search_term_string}\"},\"query-input\":{\"@type\":\"PropertyValueSpecification\",\"valueRequired\":true,\"valueName\":\"search_term_string\"}}],\"inLanguage\":\"en-US\"}]}<\/script>\n<!-- \/ Yoast SEO plugin. -->","yoast_head_json":{"title":"Sergio Mora - COLOMBO&#039;S GALLERY","description":"Sergio Mora is a Spanish painter, illustrator and strip cartoonist. He was born in Barcelona where he still lives and works.","robots":{"index":"index","follow":"follow","max-snippet":"max-snippet:-1","max-image-preview":"max-image-preview:large","max-video-preview":"max-video-preview:-1"},"canonical":"https:\/\/www.colomboarte.com\/en\/sergio-mora\/","og_locale":"en_US","og_type":"article","og_title":"Sergio Mora - COLOMBO&#039;S GALLERY","og_description":"Sergio Mora is a Spanish painter, illustrator and strip cartoonist. He was born in Barcelona where he still lives and works.","og_url":"https:\/\/www.colomboarte.com\/en\/sergio-mora\/","og_site_name":"COLOMBO&#039;S GALLERY","article_modified_time":"2021-06-21T14:51:11+00:00","twitter_misc":{"Est. reading time":"1 minute"},"schema":{"@context":"https:\/\/schema.org","@graph":[{"@type":"WebPage","@id":"https:\/\/www.colomboarte.com\/en\/sergio-mora\/","url":"https:\/\/www.colomboarte.com\/en\/sergio-mora\/","name":"Sergio Mora - COLOMBO&#039;S GALLERY","isPartOf":{"@id":"https:\/\/colomboarte.com\/#website"},"datePublished":"2021-01-22T15:27:10+00:00","dateModified":"2021-06-21T14:51:11+00:00","description":"Sergio Mora is a Spanish painter, illustrator and strip cartoonist. He was born in Barcelona where he still lives and works.","breadcrumb":{"@id":"https:\/\/www.colomboarte.com\/en\/sergio-mora\/#breadcrumb"},"inLanguage":"en-US","potentialAction":[{"@type":"ReadAction","target":["https:\/\/www.colomboarte.com\/en\/sergio-mora\/"]}]},{"@type":"BreadcrumbList","@id":"https:\/\/www.colomboarte.com\/en\/sergio-mora\/#breadcrumb","itemListElement":[{"@type":"ListItem","position":1,"name":"Home","item":"https:\/\/colomboarte.com\/en\/"},{"@type":"ListItem","position":2,"name":"Sergio Mora"}]},{"@type":"WebSite","@id":"https:\/\/colomboarte.com\/#website","url":"https:\/\/colomboarte.com\/","name":"COLOMBO&#039;S GALLERY","description":"Galleria d&#039;Arte Contemporanea","potentialAction":[{"@type":"SearchAction","target":{"@type":"EntryPoint","urlTemplate":"https:\/\/colomboarte.com\/?s={search_term_string}"},"query-input":{"@type":"PropertyValueSpecification","valueRequired":true,"valueName":"search_term_string"}}],"inLanguage":"en-US"}]}},"_links":{"self":[{"href":"https:\/\/colomboarte.com\/en\/wp-json\/wp\/v2\/pages\/9247","targetHints":{"allow":["GET"]}}],"collection":[{"href":"https:\/\/colomboarte.com\/en\/wp-json\/wp\/v2\/pages"}],"about":[{"href":"https:\/\/colomboarte.com\/en\/wp-json\/wp\/v2\/types\/page"}],"author":[{"embeddable":true,"href":"https:\/\/colomboarte.com\/en\/wp-json\/wp\/v2\/users\/2"}],"replies":[{"embeddable":true,"href":"https:\/\/colomboarte.com\/en\/wp-json\/wp\/v2\/comments?post=9247"}],"version-history":[{"count":9,"href":"https:\/\/colomboarte.com\/en\/wp-json\/wp\/v2\/pages\/9247\/revisions"}],"predecessor-version":[{"id":10389,"href":"https:\/\/colomboarte.com\/en\/wp-json\/wp\/v2\/pages\/9247\/revisions\/10389"}],"wp:attachment":[{"href":"https:\/\/colomboarte.com\/en\/wp-json\/wp\/v2\/media?parent=9247"}],"curies":[{"name":"wp","href":"https:\/\/api.w.org\/{rel}","templated":true}]}}