{"id":6182,"date":"2017-02-02T17:14:54","date_gmt":"2017-02-02T16:14:54","guid":{"rendered":"http:\/\/www.colomboarte.com\/en\/?page_id=6182"},"modified":"2018-07-06T15:33:35","modified_gmt":"2018-07-06T13:33:35","slug":"richard-johansson","status":"publish","type":"page","link":"https:\/\/colomboarte.com\/en\/richard-johansson\/","title":{"rendered":"Richard Johansson"},"content":{"rendered":"<div class=\"wpb-content-wrapper\">[vc_row][vc_column]<div class=\"vcex-spacing wpex-w-100 wpex-clear\"><\/div>[vc_text_separator title=&#8221;RICHARD JOHANSSON&#8221; color=&#8221;juicy_pink&#8221;]<div class=\"vcex-spacing wpex-w-100 wpex-clear\"><\/div>[\/vc_column][\/vc_row][vc_row][vc_column][vc_column_text]<strong><img loading=\"lazy\" decoding=\"async\" class=\"aligncenter wp-image-6184\" src=\"http:\/\/colomboarte.com\/wp-content\/uploads\/2017\/02\/Richard-Johansson-Outlaw-Girl-62-X-52-cm.jpg\" alt=\"\" width=\"900\" height=\"657\" srcset=\"https:\/\/colomboarte.com\/wp-content\/uploads\/2017\/02\/Richard-Johansson-Outlaw-Girl-62-X-52-cm.jpg 1200w, https:\/\/colomboarte.com\/wp-content\/uploads\/2017\/02\/Richard-Johansson-Outlaw-Girl-62-X-52-cm-800x584.jpg 800w\" sizes=\"auto, (max-width: 900px) 100vw, 900px\" \/><\/strong><\/p>\n<p>&nbsp;<\/p>\n<p><strong>RICHARD JOAHNSSON<\/strong> was born in 1966 in Vrigstad, SE, Now he lives and works in Kivik, SE.<\/p>\n<p>He works with sculpture and painting and he received his education at the Forum Art School in Malm\u00f6 (now Malm\u00f6 Art Academy). He has participated in exhibitions in Sweden, Italy and Germany and his works are in collections at G\u00f6teborgs Konstmuseum and Eskilstuna Konstmuseum, among others. Together with Mette Bj\u00f6rnberg, they have commissioned public art works for places such Kristianstad, Halmstad, Jordbro, S\u00f6dert\u00e4lje and \u00c4lmhult. Johansson is represented by Galleri Magnus Karlsson, Stockholm and Antonio Colombo Artecontemporanea.[\/vc_column_text][\/vc_column][\/vc_row][vc_row][vc_column]<div class=\"vcex-module vcex-divider vcex-divider-solid vcex-divider-center wpex-mx-auto wpex-block wpex-h-0 wpex-border-b wpex-border-solid wpex-border-main\" style=\"margin-block:30px;border-color:#c8c8c8;\"><\/div><div class=\"vcex-spacing wpex-w-100 wpex-clear\"><\/div>[\/vc_column][\/vc_row][vc_row][vc_column]<div class=\"vcex-image-grid-wrap\"><div class=\"vcex-module vcex-image-grid grid-style-masonry wpex-row wpex-clr vcex-isotope-grid no-transition wpex-overflow-hidden wpex-lightbox-group\" data-transition-duration=\"0.0\"><div class=\"id-16237 vcex-image-grid-entry vcex-grid-item vcex-isotope-entry wpex-text-center span_1_of_4 col col-1\"><figure class=\"vcex-image-grid-entry-figure wpex-last-mb-0 wpex-clr\"><div class=\"vcex-image-grid-entry-img entry-media wpex-relative wpex-mb-20\"><a href=\"https:\/\/colomboarte.com\/wp-content\/uploads\/2016\/11\/Richard-Johansson-Nur-fu\u00a6\u00ear-Damen-Herren-2016-oil-on-panel-38x46-cm-framed-61x52-cm.jpg\" class=\"vcex-image-grid-entry-link wpex-lightbox-group-item\" data-title=\"Richard Johansson, Nur fur damen herren, 2016, oil on panel, 38&#215;46 cm\"><img width=\"800\" height=\"688\" src=\"https:\/\/colomboarte.com\/wp-content\/uploads\/2016\/11\/Richard-Johansson-Nur-fu\u00a6\u00ear-Damen-Herren-2016-oil-on-panel-38x46-cm-framed-61x52-cm.jpg\" class=\"wpex-align-middle skip-lazy\" alt=\"\" data-no-lazy=\"1\" \/><\/a><\/div><\/figure><\/div><\/div><\/div>[\/vc_column][\/vc_row]\n<\/div>","protected":false},"excerpt":{"rendered":"<p>[vc_row][vc_column][vc_text_separator title=&#8221;RICHARD JOHANSSON&#8221; color=&#8221;juicy_pink&#8221;][\/vc_column][\/vc_row][vc_row][vc_column][vc_column_text] &nbsp; RICHARD JOAHNSSON was born in 1966 in Vrigstad, SE, Now he lives and works in Kivik, SE. He works with sculpture and painting and he received his education at the Forum Art School in Malm\u00f6 (now Malm\u00f6 Art Academy). He has participated in exhibitions in Sweden, Italy and Germany and&hellip;<\/p>\n","protected":false},"author":2,"featured_media":0,"parent":0,"menu_order":0,"comment_status":"closed","ping_status":"closed","template":"","meta":{"footnotes":""},"class_list":["post-6182","page","type-page","status-publish","hentry","entry","no-media"],"yoast_head":"<!-- This site is optimized with the Yoast SEO plugin v27.5 - https:\/\/yoast.com\/product\/yoast-seo-wordpress\/ -->\n<title>Richard Johansson - COLOMBO&#039;S GALLERY<\/title>\n<meta name=\"robots\" content=\"index, follow, max-snippet:-1, max-image-preview:large, max-video-preview:-1\" \/>\n<link rel=\"canonical\" href=\"https:\/\/www.colomboarte.com\/en\/richard-johansson\/\" \/>\n<meta property=\"og:locale\" content=\"en_US\" \/>\n<meta property=\"og:type\" content=\"article\" \/>\n<meta property=\"og:title\" content=\"Richard Johansson - COLOMBO&#039;S GALLERY\" \/>\n<meta property=\"og:description\" content=\"[vc_row][vc_column][vc_text_separator title=&#8221;RICHARD JOHANSSON&#8221; color=&#8221;juicy_pink&#8221;][\/vc_column][\/vc_row][vc_row][vc_column][vc_column_text] &nbsp; RICHARD JOAHNSSON was born in 1966 in Vrigstad, SE, Now he lives and works in Kivik, SE. He works with sculpture and painting and he received his education at the Forum Art School in Malm\u00f6 (now Malm\u00f6 Art Academy). He has participated in exhibitions in Sweden, Italy and Germany and&hellip;\" \/>\n<meta property=\"og:url\" content=\"https:\/\/www.colomboarte.com\/en\/richard-johansson\/\" \/>\n<meta property=\"og:site_name\" content=\"COLOMBO&#039;S GALLERY\" \/>\n<meta property=\"article:modified_time\" content=\"2018-07-06T13:33:35+00:00\" \/>\n<meta property=\"og:image\" content=\"http:\/\/colomboarte.com\/wp-content\/uploads\/2017\/02\/Richard-Johansson-Outlaw-Girl-62-X-52-cm.jpg\" \/>\n<meta name=\"twitter:label1\" content=\"Est. reading time\" \/>\n\t<meta name=\"twitter:data1\" content=\"1 minute\" \/>\n<script type=\"application\/ld+json\" class=\"yoast-schema-graph\">{\"@context\":\"https:\\\/\\\/schema.org\",\"@graph\":[{\"@type\":\"WebPage\",\"@id\":\"https:\\\/\\\/www.colomboarte.com\\\/en\\\/richard-johansson\\\/\",\"url\":\"https:\\\/\\\/www.colomboarte.com\\\/en\\\/richard-johansson\\\/\",\"name\":\"Richard Johansson - COLOMBO&#039;S GALLERY\",\"isPartOf\":{\"@id\":\"https:\\\/\\\/colomboarte.com\\\/en\\\/#website\"},\"primaryImageOfPage\":{\"@id\":\"https:\\\/\\\/www.colomboarte.com\\\/en\\\/richard-johansson\\\/#primaryimage\"},\"image\":{\"@id\":\"https:\\\/\\\/www.colomboarte.com\\\/en\\\/richard-johansson\\\/#primaryimage\"},\"thumbnailUrl\":\"http:\\\/\\\/colomboarte.com\\\/wp-content\\\/uploads\\\/2017\\\/02\\\/Richard-Johansson-Outlaw-Girl-62-X-52-cm.jpg\",\"datePublished\":\"2017-02-02T16:14:54+00:00\",\"dateModified\":\"2018-07-06T13:33:35+00:00\",\"breadcrumb\":{\"@id\":\"https:\\\/\\\/www.colomboarte.com\\\/en\\\/richard-johansson\\\/#breadcrumb\"},\"inLanguage\":\"en-US\",\"potentialAction\":[{\"@type\":\"ReadAction\",\"target\":[\"https:\\\/\\\/www.colomboarte.com\\\/en\\\/richard-johansson\\\/\"]}]},{\"@type\":\"ImageObject\",\"inLanguage\":\"en-US\",\"@id\":\"https:\\\/\\\/www.colomboarte.com\\\/en\\\/richard-johansson\\\/#primaryimage\",\"url\":\"http:\\\/\\\/colomboarte.com\\\/wp-content\\\/uploads\\\/2017\\\/02\\\/Richard-Johansson-Outlaw-Girl-62-X-52-cm.jpg\",\"contentUrl\":\"http:\\\/\\\/colomboarte.com\\\/wp-content\\\/uploads\\\/2017\\\/02\\\/Richard-Johansson-Outlaw-Girl-62-X-52-cm.jpg\"},{\"@type\":\"BreadcrumbList\",\"@id\":\"https:\\\/\\\/www.colomboarte.com\\\/en\\\/richard-johansson\\\/#breadcrumb\",\"itemListElement\":[{\"@type\":\"ListItem\",\"position\":1,\"name\":\"Home\",\"item\":\"https:\\\/\\\/colomboarte.com\\\/en\\\/\"},{\"@type\":\"ListItem\",\"position\":2,\"name\":\"Richard Johansson\"}]},{\"@type\":\"WebSite\",\"@id\":\"https:\\\/\\\/colomboarte.com\\\/en\\\/#website\",\"url\":\"https:\\\/\\\/colomboarte.com\\\/en\\\/\",\"name\":\"COLOMBO&#039;S GALLERY\",\"description\":\"Galleria d&#039;Arte Contemporanea\",\"potentialAction\":[{\"@type\":\"SearchAction\",\"target\":{\"@type\":\"EntryPoint\",\"urlTemplate\":\"https:\\\/\\\/colomboarte.com\\\/en\\\/?s={search_term_string}\"},\"query-input\":{\"@type\":\"PropertyValueSpecification\",\"valueRequired\":true,\"valueName\":\"search_term_string\"}}],\"inLanguage\":\"en-US\"}]}<\/script>\n<!-- \/ Yoast SEO plugin. -->","yoast_head_json":{"title":"Richard Johansson - COLOMBO&#039;S GALLERY","robots":{"index":"index","follow":"follow","max-snippet":"max-snippet:-1","max-image-preview":"max-image-preview:large","max-video-preview":"max-video-preview:-1"},"canonical":"https:\/\/www.colomboarte.com\/en\/richard-johansson\/","og_locale":"en_US","og_type":"article","og_title":"Richard Johansson - COLOMBO&#039;S GALLERY","og_description":"[vc_row][vc_column][vc_text_separator title=&#8221;RICHARD JOHANSSON&#8221; color=&#8221;juicy_pink&#8221;][\/vc_column][\/vc_row][vc_row][vc_column][vc_column_text] &nbsp; RICHARD JOAHNSSON was born in 1966 in Vrigstad, SE, Now he lives and works in Kivik, SE. He works with sculpture and painting and he received his education at the Forum Art School in Malm\u00f6 (now Malm\u00f6 Art Academy). He has participated in exhibitions in Sweden, Italy and Germany and&hellip;","og_url":"https:\/\/www.colomboarte.com\/en\/richard-johansson\/","og_site_name":"COLOMBO&#039;S GALLERY","article_modified_time":"2018-07-06T13:33:35+00:00","og_image":[{"url":"http:\/\/colomboarte.com\/wp-content\/uploads\/2017\/02\/Richard-Johansson-Outlaw-Girl-62-X-52-cm.jpg","type":"","width":"","height":""}],"twitter_misc":{"Est. reading time":"1 minute"},"schema":{"@context":"https:\/\/schema.org","@graph":[{"@type":"WebPage","@id":"https:\/\/www.colomboarte.com\/en\/richard-johansson\/","url":"https:\/\/www.colomboarte.com\/en\/richard-johansson\/","name":"Richard Johansson - COLOMBO&#039;S GALLERY","isPartOf":{"@id":"https:\/\/colomboarte.com\/en\/#website"},"primaryImageOfPage":{"@id":"https:\/\/www.colomboarte.com\/en\/richard-johansson\/#primaryimage"},"image":{"@id":"https:\/\/www.colomboarte.com\/en\/richard-johansson\/#primaryimage"},"thumbnailUrl":"http:\/\/colomboarte.com\/wp-content\/uploads\/2017\/02\/Richard-Johansson-Outlaw-Girl-62-X-52-cm.jpg","datePublished":"2017-02-02T16:14:54+00:00","dateModified":"2018-07-06T13:33:35+00:00","breadcrumb":{"@id":"https:\/\/www.colomboarte.com\/en\/richard-johansson\/#breadcrumb"},"inLanguage":"en-US","potentialAction":[{"@type":"ReadAction","target":["https:\/\/www.colomboarte.com\/en\/richard-johansson\/"]}]},{"@type":"ImageObject","inLanguage":"en-US","@id":"https:\/\/www.colomboarte.com\/en\/richard-johansson\/#primaryimage","url":"http:\/\/colomboarte.com\/wp-content\/uploads\/2017\/02\/Richard-Johansson-Outlaw-Girl-62-X-52-cm.jpg","contentUrl":"http:\/\/colomboarte.com\/wp-content\/uploads\/2017\/02\/Richard-Johansson-Outlaw-Girl-62-X-52-cm.jpg"},{"@type":"BreadcrumbList","@id":"https:\/\/www.colomboarte.com\/en\/richard-johansson\/#breadcrumb","itemListElement":[{"@type":"ListItem","position":1,"name":"Home","item":"https:\/\/colomboarte.com\/en\/"},{"@type":"ListItem","position":2,"name":"Richard Johansson"}]},{"@type":"WebSite","@id":"https:\/\/colomboarte.com\/en\/#website","url":"https:\/\/colomboarte.com\/en\/","name":"COLOMBO&#039;S GALLERY","description":"Galleria d&#039;Arte Contemporanea","potentialAction":[{"@type":"SearchAction","target":{"@type":"EntryPoint","urlTemplate":"https:\/\/colomboarte.com\/en\/?s={search_term_string}"},"query-input":{"@type":"PropertyValueSpecification","valueRequired":true,"valueName":"search_term_string"}}],"inLanguage":"en-US"}]}},"_links":{"self":[{"href":"https:\/\/colomboarte.com\/en\/wp-json\/wp\/v2\/pages\/6182","targetHints":{"allow":["GET"]}}],"collection":[{"href":"https:\/\/colomboarte.com\/en\/wp-json\/wp\/v2\/pages"}],"about":[{"href":"https:\/\/colomboarte.com\/en\/wp-json\/wp\/v2\/types\/page"}],"author":[{"embeddable":true,"href":"https:\/\/colomboarte.com\/en\/wp-json\/wp\/v2\/users\/2"}],"replies":[{"embeddable":true,"href":"https:\/\/colomboarte.com\/en\/wp-json\/wp\/v2\/comments?post=6182"}],"version-history":[{"count":7,"href":"https:\/\/colomboarte.com\/en\/wp-json\/wp\/v2\/pages\/6182\/revisions"}],"predecessor-version":[{"id":7782,"href":"https:\/\/colomboarte.com\/en\/wp-json\/wp\/v2\/pages\/6182\/revisions\/7782"}],"wp:attachment":[{"href":"https:\/\/colomboarte.com\/en\/wp-json\/wp\/v2\/media?parent=6182"}],"curies":[{"name":"wp","href":"https:\/\/api.w.org\/{rel}","templated":true}]}}