{"id":11402,"date":"2022-10-07T17:44:57","date_gmt":"2022-10-07T15:44:57","guid":{"rendered":"https:\/\/colomboarte.com\/berglind-svavarsdottir\/"},"modified":"2024-11-06T15:28:20","modified_gmt":"2024-11-06T14:28:20","slug":"berglind-svavarsdottir","status":"publish","type":"page","link":"https:\/\/colomboarte.com\/en\/collaborazioni\/berglind-svavarsdottir\/","title":{"rendered":"Berglind Svavarsdottir"},"content":{"rendered":"<div class=\"wpb-content-wrapper\">[vc_row][vc_column][vc_text_separator title=&#8221;BERGLIND SVAVARSDOTTIR&#8221; color=&#8221;juicy_pink&#8221;]<div class=\"vcex-spacing wpex-w-100 wpex-clear\"><\/div>[\/vc_column][\/vc_row][vc_row][vc_column width=&#8221;1\/4&#8243;][vc_single_image image=&#8221;13660&#8243;]<div class=\"vcex-spacing wpex-w-100 wpex-clear\"><\/div><style>.vcex-bullets.vcex_69d9225867ed7 .vcex-bullets-icon{color:#dd3333;}<\/style><div class=\"vcex-module vcex-bullets vcex-bullets--vertical custom-icon vcex_69d9225867ed7\">\n<ul role=\"list\">\n<li><div class=\"vcex-bullets-ci-wrap wpex-inline-flex\"><span class=\"vcex-bullets-icon-wrap vcex-icon-wrap wpex-mr-10\"><span class=\"vcex-bullets-icon vcex-icon fa fa-info-circle\" aria-hidden=\"true\"><\/span><\/span><div class=\"vcex-content wpex-flex-grow\"><a href=\"https:\/\/colomboarte.bigcartel.com\/artist\/berglind-svavarsdottir\">Online shop<\/a><\/div><\/div><\/li>\n<li><div class=\"vcex-bullets-ci-wrap wpex-inline-flex\"><span class=\"vcex-bullets-icon-wrap vcex-icon-wrap wpex-mr-10\"><span class=\"vcex-bullets-icon vcex-icon fa fa-info-circle\" aria-hidden=\"true\"><\/span><\/span><div class=\"vcex-content wpex-flex-grow\"><a href=\"https:\/\/www.artsy.net\/artist\/berglind-svavarsdottir\">Artsy profile<\/a><\/div><\/div><\/li>\n<li><div class=\"vcex-bullets-ci-wrap wpex-inline-flex\"><span class=\"vcex-bullets-icon-wrap vcex-icon-wrap wpex-mr-10\"><span class=\"vcex-bullets-icon vcex-icon fa fa-info-circle\" aria-hidden=\"true\"><\/span><\/span><div class=\"vcex-content wpex-flex-grow\"><a href=\"mailto:info@colomboarte.com\">Inquiries<\/a><\/div><\/div><\/li>\n<\/ul>\n<\/div>[\/vc_column][vc_column width=&#8221;3\/4&#8243;][vc_column_text]\n<p><strong>Berglind Svavarsd\u00f3ttir<\/strong> was born in Reykjav\u00edk, Iceland.<\/p>\n<p>She graduated from the Icelandic University of the Arts in Reykjav\u00edk and later continued her studies at the Brera Academy of Fine Arts in Milan, Italy, where she received a degree in painting in 2004 and specialized in visual arts in 2009.<\/p>\n<p>Svavarsd\u00f3ttir&#8217;s work is distinguished by her ability to blend two microcosms: the real and the fairy-tale, creating works that blur the line between what is considered possible and what is fantastic and dreamlike. His works often depict plants and animals in domestic settings, highlighting the conflicting and often intrusive relationship between man and nature.<\/p>\n<p>His career has been characterized by an unwavering commitment to artistic research, exhibiting in various galleries and gaining recognition for his ability to evoke emotions through masterful use of acrylic on canvas and watercolor on paper.<\/p>\n<p>Berglind continues to live and work between Reykjav\u00edk and Milan, contributing significantly to the contemporary art scene with her works that explore the delicacy and complexity of the natural world.<\/p>\n[\/vc_column_text][\/vc_column][\/vc_row][vc_row][vc_column]<div class=\"vcex-module vcex-divider vcex-divider-solid vcex-divider-center wpex-mx-auto wpex-block wpex-h-0 wpex-border-b wpex-border-solid wpex-border-main\" style=\"margin-block:30 px;border-color:#c8c8c8;\"><\/div><div class=\"vcex-image-grid-wrap\"><div class=\"vcex-module vcex-image-grid grid-style-masonry wpex-row wpex-clr vcex-isotope-grid no-transition wpex-overflow-hidden wpex-lightbox-group\" data-transition-duration=\"0.0\"><div class=\"id-11389 vcex-image-grid-entry vcex-grid-item vcex-isotope-entry wpex-text-center span_1_of_3 nr-col col-1\"><figure class=\"vcex-image-grid-entry-figure wpex-last-mb-0 wpex-clr\"><div class=\"vcex-image-grid-entry-img entry-media wpex-relative wpex-mb-20\"><a href=\"https:\/\/colomboarte.com\/wp-content\/uploads\/2022\/10\/Berglind-Svavardottir-Hide-and-Seek-XXIII-2020-acrylic-on-canvas-60x80-cm.jpg\" class=\"vcex-image-grid-entry-link wpex-lightbox-group-item\" data-title=\"Berglind Svavardottir, Hide and Seek XXIII, 2020, acrylic on canvas, 60&#215;80 cm\" data-caption=\"Berglind Svavardottir, Hide and Seek XXIII, 2020, acrylic on canvas, 60x80 cm\"><img width=\"2075\" height=\"1548\" src=\"https:\/\/colomboarte.com\/wp-content\/uploads\/2022\/10\/Berglind-Svavardottir-Hide-and-Seek-XXIII-2020-acrylic-on-canvas-60x80-cm.jpg\" class=\"wpex-align-middle skip-lazy\" alt=\"\" data-no-lazy=\"1\" srcset=\"https:\/\/colomboarte.com\/wp-content\/uploads\/2022\/10\/Berglind-Svavardottir-Hide-and-Seek-XXIII-2020-acrylic-on-canvas-60x80-cm.jpg 2075w, https:\/\/colomboarte.com\/wp-content\/uploads\/2022\/10\/Berglind-Svavardottir-Hide-and-Seek-XXIII-2020-acrylic-on-canvas-60x80-cm-800x597.jpg 800w, https:\/\/colomboarte.com\/wp-content\/uploads\/2022\/10\/Berglind-Svavardottir-Hide-and-Seek-XXIII-2020-acrylic-on-canvas-60x80-cm-1200x895.jpg 1200w, https:\/\/colomboarte.com\/wp-content\/uploads\/2022\/10\/Berglind-Svavardottir-Hide-and-Seek-XXIII-2020-acrylic-on-canvas-60x80-cm-1536x1146.jpg 1536w, https:\/\/colomboarte.com\/wp-content\/uploads\/2022\/10\/Berglind-Svavardottir-Hide-and-Seek-XXIII-2020-acrylic-on-canvas-60x80-cm-2048x1528.jpg 2048w\" sizes=\"(max-width: 2075px) 100vw, 2075px\" \/><\/a><\/div><\/figure><\/div><div class=\"id-11391 vcex-image-grid-entry vcex-grid-item vcex-isotope-entry wpex-text-center span_1_of_3 nr-col col-2\"><figure class=\"vcex-image-grid-entry-figure wpex-last-mb-0 wpex-clr\"><div class=\"vcex-image-grid-entry-img entry-media wpex-relative wpex-mb-20\"><a href=\"https:\/\/colomboarte.com\/wp-content\/uploads\/2022\/10\/Berglind-Svavardottir-Hide-and-Seek-XXXIII-2020-acrylic-on-canvas-60x80-cm.jpg\" class=\"vcex-image-grid-entry-link wpex-lightbox-group-item\" data-title=\"Berglind Svavardottir, Hide and Seek XXXIII, 2020, acrylic on canvas, 60&#215;80 cm\" data-caption=\"Berglind Svavardottir, Hide and Seek XXXIII, 2020, acrylic on canvas, 60x80 cm\"><img width=\"2151\" height=\"1613\" src=\"https:\/\/colomboarte.com\/wp-content\/uploads\/2022\/10\/Berglind-Svavardottir-Hide-and-Seek-XXXIII-2020-acrylic-on-canvas-60x80-cm.jpg\" class=\"wpex-align-middle skip-lazy\" alt=\"\" data-no-lazy=\"1\" srcset=\"https:\/\/colomboarte.com\/wp-content\/uploads\/2022\/10\/Berglind-Svavardottir-Hide-and-Seek-XXXIII-2020-acrylic-on-canvas-60x80-cm.jpg 2151w, https:\/\/colomboarte.com\/wp-content\/uploads\/2022\/10\/Berglind-Svavardottir-Hide-and-Seek-XXXIII-2020-acrylic-on-canvas-60x80-cm-800x600.jpg 800w, https:\/\/colomboarte.com\/wp-content\/uploads\/2022\/10\/Berglind-Svavardottir-Hide-and-Seek-XXXIII-2020-acrylic-on-canvas-60x80-cm-1200x900.jpg 1200w, https:\/\/colomboarte.com\/wp-content\/uploads\/2022\/10\/Berglind-Svavardottir-Hide-and-Seek-XXXIII-2020-acrylic-on-canvas-60x80-cm-1536x1152.jpg 1536w, https:\/\/colomboarte.com\/wp-content\/uploads\/2022\/10\/Berglind-Svavardottir-Hide-and-Seek-XXXIII-2020-acrylic-on-canvas-60x80-cm-2048x1536.jpg 2048w\" sizes=\"(max-width: 2151px) 100vw, 2151px\" \/><\/a><\/div><\/figure><\/div><div class=\"id-11393 vcex-image-grid-entry vcex-grid-item vcex-isotope-entry wpex-text-center span_1_of_3 nr-col col-3\"><figure class=\"vcex-image-grid-entry-figure wpex-last-mb-0 wpex-clr\"><div class=\"vcex-image-grid-entry-img entry-media wpex-relative wpex-mb-20\"><a href=\"https:\/\/colomboarte.com\/wp-content\/uploads\/2022\/10\/Berglind-Svavardottir-Hide-and-Seek-XXXV-2020-acrylic-on-canvas-60x80-cm.jpg\" class=\"vcex-image-grid-entry-link wpex-lightbox-group-item\" data-title=\"Berglind Svavardottir, Hide and Seek XXXV, 2020, acrylic on canvas, 60&#215;80 cm\" data-caption=\"Berglind Svavardottir, Hide and Seek XXXV, 2020, acrylic on canvas, 60x80 cm\"><img width=\"1280\" height=\"957\" src=\"https:\/\/colomboarte.com\/wp-content\/uploads\/2022\/10\/Berglind-Svavardottir-Hide-and-Seek-XXXV-2020-acrylic-on-canvas-60x80-cm.jpg\" class=\"wpex-align-middle skip-lazy\" alt=\"\" data-no-lazy=\"1\" srcset=\"https:\/\/colomboarte.com\/wp-content\/uploads\/2022\/10\/Berglind-Svavardottir-Hide-and-Seek-XXXV-2020-acrylic-on-canvas-60x80-cm.jpg 1280w, https:\/\/colomboarte.com\/wp-content\/uploads\/2022\/10\/Berglind-Svavardottir-Hide-and-Seek-XXXV-2020-acrylic-on-canvas-60x80-cm-800x598.jpg 800w, https:\/\/colomboarte.com\/wp-content\/uploads\/2022\/10\/Berglind-Svavardottir-Hide-and-Seek-XXXV-2020-acrylic-on-canvas-60x80-cm-1200x897.jpg 1200w\" sizes=\"(max-width: 1280px) 100vw, 1280px\" \/><\/a><\/div><\/figure><\/div><div class=\"id-11395 vcex-image-grid-entry vcex-grid-item vcex-isotope-entry wpex-text-center span_1_of_3 nr-col col-1\"><figure class=\"vcex-image-grid-entry-figure wpex-last-mb-0 wpex-clr\"><div class=\"vcex-image-grid-entry-img entry-media wpex-relative wpex-mb-20\"><a href=\"https:\/\/colomboarte.com\/wp-content\/uploads\/2022\/10\/Berglind-Svavardottir-XXXIV-2021-watercolor-on-paper-50x70-cm.jpg\" class=\"vcex-image-grid-entry-link wpex-lightbox-group-item\" data-title=\"Berglind Svavardottir, XXXIV, 2021, watercolor on paper, 50&#215;70 cm\" data-caption=\"Berglind Svavardottir, XXXIV, 2021, watercolor on paper, 50x70 cm\"><img width=\"2256\" height=\"1617\" src=\"https:\/\/colomboarte.com\/wp-content\/uploads\/2022\/10\/Berglind-Svavardottir-XXXIV-2021-watercolor-on-paper-50x70-cm.jpg\" class=\"wpex-align-middle skip-lazy\" alt=\"\" data-no-lazy=\"1\" srcset=\"https:\/\/colomboarte.com\/wp-content\/uploads\/2022\/10\/Berglind-Svavardottir-XXXIV-2021-watercolor-on-paper-50x70-cm.jpg 2256w, https:\/\/colomboarte.com\/wp-content\/uploads\/2022\/10\/Berglind-Svavardottir-XXXIV-2021-watercolor-on-paper-50x70-cm-800x573.jpg 800w, https:\/\/colomboarte.com\/wp-content\/uploads\/2022\/10\/Berglind-Svavardottir-XXXIV-2021-watercolor-on-paper-50x70-cm-1200x860.jpg 1200w, https:\/\/colomboarte.com\/wp-content\/uploads\/2022\/10\/Berglind-Svavardottir-XXXIV-2021-watercolor-on-paper-50x70-cm-1536x1101.jpg 1536w, https:\/\/colomboarte.com\/wp-content\/uploads\/2022\/10\/Berglind-Svavardottir-XXXIV-2021-watercolor-on-paper-50x70-cm-2048x1468.jpg 2048w\" sizes=\"(max-width: 2256px) 100vw, 2256px\" \/><\/a><\/div><\/figure><\/div><div class=\"id-11399 vcex-image-grid-entry vcex-grid-item vcex-isotope-entry wpex-text-center span_1_of_3 nr-col col-2\"><figure class=\"vcex-image-grid-entry-figure wpex-last-mb-0 wpex-clr\"><div class=\"vcex-image-grid-entry-img entry-media wpex-relative wpex-mb-20\"><a href=\"https:\/\/colomboarte.com\/wp-content\/uploads\/2022\/10\/100x150.jpg\" class=\"vcex-image-grid-entry-link wpex-lightbox-group-item\" data-title=\"100&#215;150\" data-caption=\"Berglind Svavarsdottir, Hide and Seek XXXVIII, 2022, acrilico su tela, 100x150 cm\"><img width=\"1280\" height=\"846\" src=\"https:\/\/colomboarte.com\/wp-content\/uploads\/2022\/10\/100x150.jpg\" class=\"wpex-align-middle skip-lazy\" alt=\"\" data-no-lazy=\"1\" srcset=\"https:\/\/colomboarte.com\/wp-content\/uploads\/2022\/10\/100x150.jpg 1280w, https:\/\/colomboarte.com\/wp-content\/uploads\/2022\/10\/100x150-800x529.jpg 800w, https:\/\/colomboarte.com\/wp-content\/uploads\/2022\/10\/100x150-1200x793.jpg 1200w\" sizes=\"(max-width: 1280px) 100vw, 1280px\" \/><\/a><\/div><\/figure><\/div><div class=\"id-11419 vcex-image-grid-entry vcex-grid-item vcex-isotope-entry wpex-text-center span_1_of_3 nr-col col-3\"><figure class=\"vcex-image-grid-entry-figure wpex-last-mb-0 wpex-clr\"><div class=\"vcex-image-grid-entry-img entry-media wpex-relative wpex-mb-20\"><a href=\"https:\/\/colomboarte.com\/wp-content\/uploads\/2022\/10\/2020-03-19-XXV_40x50cm_acrylicsonvanvas.jpeg\" class=\"vcex-image-grid-entry-link wpex-lightbox-group-item\" data-title=\"2020-03-19-XXV_40x50cm_acrylicsonvanvas\" data-caption=\"Berglind Svavarsdottir, Hide and seek XXV, 2020, acrylic on canvas, 40x50 cm\"><img width=\"1999\" height=\"1596\" src=\"https:\/\/colomboarte.com\/wp-content\/uploads\/2022\/10\/2020-03-19-XXV_40x50cm_acrylicsonvanvas.jpeg\" class=\"wpex-align-middle skip-lazy\" alt=\"\" data-no-lazy=\"1\" srcset=\"https:\/\/colomboarte.com\/wp-content\/uploads\/2022\/10\/2020-03-19-XXV_40x50cm_acrylicsonvanvas.jpeg 1999w, https:\/\/colomboarte.com\/wp-content\/uploads\/2022\/10\/2020-03-19-XXV_40x50cm_acrylicsonvanvas-800x639.jpeg 800w, https:\/\/colomboarte.com\/wp-content\/uploads\/2022\/10\/2020-03-19-XXV_40x50cm_acrylicsonvanvas-1200x958.jpeg 1200w, https:\/\/colomboarte.com\/wp-content\/uploads\/2022\/10\/2020-03-19-XXV_40x50cm_acrylicsonvanvas-1536x1226.jpeg 1536w\" sizes=\"(max-width: 1999px) 100vw, 1999px\" \/><\/a><\/div><\/figure><\/div><\/div><\/div>[\/vc_column][\/vc_row]\n<\/div>","protected":false},"excerpt":{"rendered":"<p>[vc_row][vc_column][vc_text_separator title=&#8221;BERGLIND SVAVARSDOTTIR&#8221; color=&#8221;juicy_pink&#8221;][\/vc_column][\/vc_row][vc_row][vc_column width=&#8221;1\/4&#8243;][vc_single_image image=&#8221;13660&#8243;][\/vc_column][vc_column width=&#8221;3\/4&#8243;][vc_column_text] Berglind Svavarsd\u00f3ttir was born in Reykjav\u00edk, Iceland. She graduated from the Icelandic University of the Arts in Reykjav\u00edk and later continued her studies at the Brera Academy of Fine Arts in Milan, Italy, where she received a degree in painting in 2004 and specialized in visual arts in&hellip;<\/p>\n","protected":false},"author":2,"featured_media":0,"parent":2404,"menu_order":0,"comment_status":"closed","ping_status":"closed","template":"","meta":{"footnotes":""},"class_list":["post-11402","page","type-page","status-publish","hentry","entry","no-media"],"yoast_head":"<!-- This site is optimized with the Yoast SEO plugin v27.3 - https:\/\/yoast.com\/product\/yoast-seo-wordpress\/ -->\n<title>Berglind Svavarsdottir - COLOMBO&#039;S GALLERY<\/title>\n<meta name=\"description\" content=\"Berglind Svavarsdottir is an Icelandic artist. She lives and works in Milan. Her paitings are born out of the observation of nature.\" \/>\n<meta name=\"robots\" content=\"index, follow, max-snippet:-1, max-image-preview:large, max-video-preview:-1\" \/>\n<link rel=\"canonical\" href=\"https:\/\/colomboarte.com\/en\/collaborazioni\/berglind-svavarsdottir\/\" \/>\n<meta property=\"og:locale\" content=\"en_US\" \/>\n<meta property=\"og:type\" content=\"article\" \/>\n<meta property=\"og:title\" content=\"Berglind Svavarsdottir - COLOMBO&#039;S GALLERY\" \/>\n<meta property=\"og:description\" content=\"Berglind Svavarsdottir is an Icelandic artist. She lives and works in Milan. Her paitings are born out of the observation of nature.\" \/>\n<meta property=\"og:url\" content=\"https:\/\/colomboarte.com\/en\/collaborazioni\/berglind-svavarsdottir\/\" \/>\n<meta property=\"og:site_name\" content=\"COLOMBO&#039;S GALLERY\" \/>\n<meta property=\"article:modified_time\" content=\"2024-11-06T14:28:20+00:00\" \/>\n<meta name=\"twitter:label1\" content=\"Est. reading time\" \/>\n\t<meta name=\"twitter:data1\" content=\"1 minute\" \/>\n<script type=\"application\/ld+json\" class=\"yoast-schema-graph\">{\"@context\":\"https:\\\/\\\/schema.org\",\"@graph\":[{\"@type\":\"WebPage\",\"@id\":\"https:\\\/\\\/colomboarte.com\\\/en\\\/collaborazioni\\\/berglind-svavarsdottir\\\/\",\"url\":\"https:\\\/\\\/colomboarte.com\\\/en\\\/collaborazioni\\\/berglind-svavarsdottir\\\/\",\"name\":\"Berglind Svavarsdottir - COLOMBO&#039;S GALLERY\",\"isPartOf\":{\"@id\":\"https:\\\/\\\/colomboarte.com\\\/#website\"},\"datePublished\":\"2022-10-07T15:44:57+00:00\",\"dateModified\":\"2024-11-06T14:28:20+00:00\",\"description\":\"Berglind Svavarsdottir is an Icelandic artist. She lives and works in Milan. Her paitings are born out of the observation of nature.\",\"breadcrumb\":{\"@id\":\"https:\\\/\\\/colomboarte.com\\\/en\\\/collaborazioni\\\/berglind-svavarsdottir\\\/#breadcrumb\"},\"inLanguage\":\"en-US\",\"potentialAction\":[{\"@type\":\"ReadAction\",\"target\":[\"https:\\\/\\\/colomboarte.com\\\/en\\\/collaborazioni\\\/berglind-svavarsdottir\\\/\"]}]},{\"@type\":\"BreadcrumbList\",\"@id\":\"https:\\\/\\\/colomboarte.com\\\/en\\\/collaborazioni\\\/berglind-svavarsdottir\\\/#breadcrumb\",\"itemListElement\":[{\"@type\":\"ListItem\",\"position\":1,\"name\":\"Home\",\"item\":\"https:\\\/\\\/colomboarte.com\\\/en\\\/nuova-homepage\\\/\"},{\"@type\":\"ListItem\",\"position\":2,\"name\":\"Collaborations\",\"item\":\"https:\\\/\\\/colomboarte.com\\\/en\\\/collaborazioni\\\/\"},{\"@type\":\"ListItem\",\"position\":3,\"name\":\"Berglind Svavarsdottir\"}]},{\"@type\":\"WebSite\",\"@id\":\"https:\\\/\\\/colomboarte.com\\\/#website\",\"url\":\"https:\\\/\\\/colomboarte.com\\\/\",\"name\":\"COLOMBO&#039;S GALLERY\",\"description\":\"Galleria d&#039;Arte Contemporanea\",\"potentialAction\":[{\"@type\":\"SearchAction\",\"target\":{\"@type\":\"EntryPoint\",\"urlTemplate\":\"https:\\\/\\\/colomboarte.com\\\/?s={search_term_string}\"},\"query-input\":{\"@type\":\"PropertyValueSpecification\",\"valueRequired\":true,\"valueName\":\"search_term_string\"}}],\"inLanguage\":\"en-US\"}]}<\/script>\n<!-- \/ Yoast SEO plugin. -->","yoast_head_json":{"title":"Berglind Svavarsdottir - COLOMBO&#039;S GALLERY","description":"Berglind Svavarsdottir is an Icelandic artist. She lives and works in Milan. Her paitings are born out of the observation of nature.","robots":{"index":"index","follow":"follow","max-snippet":"max-snippet:-1","max-image-preview":"max-image-preview:large","max-video-preview":"max-video-preview:-1"},"canonical":"https:\/\/colomboarte.com\/en\/collaborazioni\/berglind-svavarsdottir\/","og_locale":"en_US","og_type":"article","og_title":"Berglind Svavarsdottir - COLOMBO&#039;S GALLERY","og_description":"Berglind Svavarsdottir is an Icelandic artist. She lives and works in Milan. Her paitings are born out of the observation of nature.","og_url":"https:\/\/colomboarte.com\/en\/collaborazioni\/berglind-svavarsdottir\/","og_site_name":"COLOMBO&#039;S GALLERY","article_modified_time":"2024-11-06T14:28:20+00:00","twitter_misc":{"Est. reading time":"1 minute"},"schema":{"@context":"https:\/\/schema.org","@graph":[{"@type":"WebPage","@id":"https:\/\/colomboarte.com\/en\/collaborazioni\/berglind-svavarsdottir\/","url":"https:\/\/colomboarte.com\/en\/collaborazioni\/berglind-svavarsdottir\/","name":"Berglind Svavarsdottir - COLOMBO&#039;S GALLERY","isPartOf":{"@id":"https:\/\/colomboarte.com\/#website"},"datePublished":"2022-10-07T15:44:57+00:00","dateModified":"2024-11-06T14:28:20+00:00","description":"Berglind Svavarsdottir is an Icelandic artist. She lives and works in Milan. Her paitings are born out of the observation of nature.","breadcrumb":{"@id":"https:\/\/colomboarte.com\/en\/collaborazioni\/berglind-svavarsdottir\/#breadcrumb"},"inLanguage":"en-US","potentialAction":[{"@type":"ReadAction","target":["https:\/\/colomboarte.com\/en\/collaborazioni\/berglind-svavarsdottir\/"]}]},{"@type":"BreadcrumbList","@id":"https:\/\/colomboarte.com\/en\/collaborazioni\/berglind-svavarsdottir\/#breadcrumb","itemListElement":[{"@type":"ListItem","position":1,"name":"Home","item":"https:\/\/colomboarte.com\/en\/nuova-homepage\/"},{"@type":"ListItem","position":2,"name":"Collaborations","item":"https:\/\/colomboarte.com\/en\/collaborazioni\/"},{"@type":"ListItem","position":3,"name":"Berglind Svavarsdottir"}]},{"@type":"WebSite","@id":"https:\/\/colomboarte.com\/#website","url":"https:\/\/colomboarte.com\/","name":"COLOMBO&#039;S GALLERY","description":"Galleria d&#039;Arte Contemporanea","potentialAction":[{"@type":"SearchAction","target":{"@type":"EntryPoint","urlTemplate":"https:\/\/colomboarte.com\/?s={search_term_string}"},"query-input":{"@type":"PropertyValueSpecification","valueRequired":true,"valueName":"search_term_string"}}],"inLanguage":"en-US"}]}},"_links":{"self":[{"href":"https:\/\/colomboarte.com\/en\/wp-json\/wp\/v2\/pages\/11402","targetHints":{"allow":["GET"]}}],"collection":[{"href":"https:\/\/colomboarte.com\/en\/wp-json\/wp\/v2\/pages"}],"about":[{"href":"https:\/\/colomboarte.com\/en\/wp-json\/wp\/v2\/types\/page"}],"author":[{"embeddable":true,"href":"https:\/\/colomboarte.com\/en\/wp-json\/wp\/v2\/users\/2"}],"replies":[{"embeddable":true,"href":"https:\/\/colomboarte.com\/en\/wp-json\/wp\/v2\/comments?post=11402"}],"version-history":[{"count":19,"href":"https:\/\/colomboarte.com\/en\/wp-json\/wp\/v2\/pages\/11402\/revisions"}],"predecessor-version":[{"id":14510,"href":"https:\/\/colomboarte.com\/en\/wp-json\/wp\/v2\/pages\/11402\/revisions\/14510"}],"up":[{"embeddable":true,"href":"https:\/\/colomboarte.com\/en\/wp-json\/wp\/v2\/pages\/2404"}],"wp:attachment":[{"href":"https:\/\/colomboarte.com\/en\/wp-json\/wp\/v2\/media?parent=11402"}],"curies":[{"name":"wp","href":"https:\/\/api.w.org\/{rel}","templated":true}]}}